
{"id":194,"date":"2024-11-27T13:19:48","date_gmt":"2024-11-27T13:19:48","guid":{"rendered":"https:\/\/artclubsotogrande.com\/?page_id=194"},"modified":"2024-11-28T13:35:05","modified_gmt":"2024-11-28T13:35:05","slug":"osvaldo-lobalzo-buenos-aires-2","status":"publish","type":"page","link":"https:\/\/artclubsotogrande.com\/index.php\/osvaldo-lobalzo-buenos-aires-2\/","title":{"rendered":"Osvaldo Lobalzo (Buenos Aires)"},"content":{"rendered":"\n<figure class=\"wp-block-image size-large blue_border\"><img loading=\"lazy\" decoding=\"async\" width=\"1024\" height=\"574\" src=\"https:\/\/artclubsotogrande.com\/wp-content\/uploads\/2024\/11\/osvaldo-1024x574.jpg\" alt=\"\" class=\"wp-image-164\" srcset=\"https:\/\/artclubsotogrande.com\/wp-content\/uploads\/2024\/11\/osvaldo-1024x574.jpg 1024w, https:\/\/artclubsotogrande.com\/wp-content\/uploads\/2024\/11\/osvaldo-300x168.jpg 300w, https:\/\/artclubsotogrande.com\/wp-content\/uploads\/2024\/11\/osvaldo-768x430.jpg 768w, https:\/\/artclubsotogrande.com\/wp-content\/uploads\/2024\/11\/osvaldo-1536x861.jpg 1536w, https:\/\/artclubsotogrande.com\/wp-content\/uploads\/2024\/11\/osvaldo.jpg 2000w\" sizes=\"auto, (max-width: 1024px) 100vw, 1024px\" \/><\/figure>\n\n\n\n<p>Artista polifac\u00e9tico con 40 a\u00f1os de trayectoria en el mundo del arte, con m\u00e1s de cuatro mil obras en Europa y Estados Unidos.<\/p>\n\n\n\n<p>Afincado en Sotogrande donde trabaja y expone sus obras.<\/p>\n\n\n\n<p>Sus trabajos se componen de diferentes colecciones entre ellas:<br>&#8220;Materia Viva&#8221;\u00a0<br>&#8220;M\u00e1laga A Trozos&#8221;\u00a0<br>&#8220;Sentidos&#8221;\u00a0<br>&#8220;Los \u00c1rboles No Mueren&#8221;\u00a0<br>&#8220;Homenaje A Picasso&#8221;\u00a0<br>&#8220;Nueve Lunas&#8221;\u00a0<br>&#8220;Lo Atamos Con Alambre&#8221;\u00a0<br>&#8220;Paradise&#8221;<br>Etc.<\/p>\n\n\n\n<p>Cada una de ellas son el resultado de sus vivencias.<\/p>\n\n\n\n<p>La t\u00e9cnica mixta tanto en el abstracto como en el figurativo se caracterizan por su fuerza e intensidad.<\/p>\n\n\n\n<p>Pa\u00edses visitados donde ha expuesto:<br>B\u00e9lgica, Alemania, Italia, Francia, Suiza, EEUU, UK entre otros.<\/p>\n\n\n\n<p><strong>Atiendo personalmente en mi estudio, mi contacto:<br><strong><a href=\"https:\/\/wa.me\/+34675030682\" target=\"_blank\" rel=\"noreferrer noopener\">+34 675 030 682 <\/a>(WhatsApp)<\/strong><br><a href=\"mailto:osvaldolobalzo@hotmail.com\" target=\"_blank\" rel=\"noreferrer noopener\">osvaldolobalzo@hotmail.com<\/a><\/strong><br><strong><a href=\"https:\/\/www.osvaldolobalzo.es\/\" target=\"_blank\" rel=\"noreferrer noopener\">osvaldolobalzo.es<\/a><\/strong><\/p>\n\n\n\n<figure class=\"wp-block-image size-full small_image\"><img loading=\"lazy\" decoding=\"async\" width=\"1000\" height=\"529\" src=\"https:\/\/artclubsotogrande.com\/wp-content\/uploads\/2024\/11\/ol.png\" alt=\"\" class=\"wp-image-86\" srcset=\"https:\/\/artclubsotogrande.com\/wp-content\/uploads\/2024\/11\/ol.png 1000w, https:\/\/artclubsotogrande.com\/wp-content\/uploads\/2024\/11\/ol-300x159.png 300w, https:\/\/artclubsotogrande.com\/wp-content\/uploads\/2024\/11\/ol-768x406.png 768w\" sizes=\"auto, (max-width: 1000px) 100vw, 1000px\" \/><\/figure>\n","protected":false},"excerpt":{"rendered":"<p>Artista polifac\u00e9tico con 40 a\u00f1os de trayectoria en el mundo del arte, con m\u00e1s de cuatro mil obras en Europa y Estados Unidos. Afincado en Sotogrande donde trabaja y expone sus obras. Sus trabajos se componen de diferentes colecciones entre ellas:&#8220;Materia Viva&#8221;\u00a0&#8220;M\u00e1laga A Trozos&#8221;\u00a0&#8220;Sentidos&#8221;\u00a0&#8220;Los \u00c1rboles No Mueren&#8221;\u00a0&#8220;Homenaje A Picasso&#8221;\u00a0&#8220;Nueve Lunas&#8221;\u00a0&#8220;Lo Atamos Con Alambre&#8221;\u00a0&#8220;Paradise&#8221;Etc. Cada una [&hellip;]<\/p>\n","protected":false},"author":1,"featured_media":169,"parent":0,"menu_order":0,"comment_status":"closed","ping_status":"closed","template":"","meta":{"footnotes":""},"class_list":["post-194","page","type-page","status-publish","has-post-thumbnail","hentry"],"yoast_head":"<!-- This site is optimized with the Yoast SEO plugin v23.9 - https:\/\/yoast.com\/wordpress\/plugins\/seo\/ -->\n<title>Osvaldo Lobalzo (Buenos Aires) - Art Club Sotogrande<\/title>\n<meta name=\"robots\" content=\"index, follow, max-snippet:-1, max-image-preview:large, max-video-preview:-1\" \/>\n<link rel=\"canonical\" href=\"https:\/\/artclubsotogrande.com\/index.php\/osvaldo-lobalzo-buenos-aires-2\/\" \/>\n<meta property=\"og:locale\" content=\"en_US\" \/>\n<meta property=\"og:type\" content=\"article\" \/>\n<meta property=\"og:title\" content=\"Osvaldo Lobalzo (Buenos Aires) - Art Club Sotogrande\" \/>\n<meta property=\"og:description\" content=\"Artista polifac\u00e9tico con 40 a\u00f1os de trayectoria en el mundo del arte, con m\u00e1s de cuatro mil obras en Europa y Estados Unidos. Afincado en Sotogrande donde trabaja y expone sus obras. Sus trabajos se componen de diferentes colecciones entre ellas:&#8220;Materia Viva&#8221;\u00a0&#8220;M\u00e1laga A Trozos&#8221;\u00a0&#8220;Sentidos&#8221;\u00a0&#8220;Los \u00c1rboles No Mueren&#8221;\u00a0&#8220;Homenaje A Picasso&#8221;\u00a0&#8220;Nueve Lunas&#8221;\u00a0&#8220;Lo Atamos Con Alambre&#8221;\u00a0&#8220;Paradise&#8221;Etc. Cada una [&hellip;]\" \/>\n<meta property=\"og:url\" content=\"https:\/\/artclubsotogrande.com\/index.php\/osvaldo-lobalzo-buenos-aires-2\/\" \/>\n<meta property=\"og:site_name\" content=\"Art Club Sotogrande\" \/>\n<meta property=\"article:modified_time\" content=\"2024-11-28T13:35:05+00:00\" \/>\n<meta property=\"og:image\" content=\"https:\/\/artclubsotogrande.com\/wp-content\/uploads\/2024\/11\/osvaldo_feature.jpg\" \/>\n\t<meta property=\"og:image:width\" content=\"2000\" \/>\n\t<meta property=\"og:image:height\" content=\"1121\" \/>\n\t<meta property=\"og:image:type\" content=\"image\/jpeg\" \/>\n<meta name=\"twitter:card\" content=\"summary_large_image\" \/>\n<meta name=\"twitter:label1\" content=\"Est. reading time\" \/>\n\t<meta name=\"twitter:data1\" content=\"2 minutes\" \/>\n<script type=\"application\/ld+json\" class=\"yoast-schema-graph\">{\"@context\":\"https:\/\/schema.org\",\"@graph\":[{\"@type\":\"WebPage\",\"@id\":\"https:\/\/artclubsotogrande.com\/index.php\/osvaldo-lobalzo-buenos-aires-2\/\",\"url\":\"https:\/\/artclubsotogrande.com\/index.php\/osvaldo-lobalzo-buenos-aires-2\/\",\"name\":\"Osvaldo Lobalzo (Buenos Aires) - Art Club Sotogrande\",\"isPartOf\":{\"@id\":\"https:\/\/artclubsotogrande.com\/#website\"},\"primaryImageOfPage\":{\"@id\":\"https:\/\/artclubsotogrande.com\/index.php\/osvaldo-lobalzo-buenos-aires-2\/#primaryimage\"},\"image\":{\"@id\":\"https:\/\/artclubsotogrande.com\/index.php\/osvaldo-lobalzo-buenos-aires-2\/#primaryimage\"},\"thumbnailUrl\":\"https:\/\/artclubsotogrande.com\/wp-content\/uploads\/2024\/11\/osvaldo_feature.jpg\",\"datePublished\":\"2024-11-27T13:19:48+00:00\",\"dateModified\":\"2024-11-28T13:35:05+00:00\",\"breadcrumb\":{\"@id\":\"https:\/\/artclubsotogrande.com\/index.php\/osvaldo-lobalzo-buenos-aires-2\/#breadcrumb\"},\"inLanguage\":\"en-US\",\"potentialAction\":[{\"@type\":\"ReadAction\",\"target\":[\"https:\/\/artclubsotogrande.com\/index.php\/osvaldo-lobalzo-buenos-aires-2\/\"]}]},{\"@type\":\"ImageObject\",\"inLanguage\":\"en-US\",\"@id\":\"https:\/\/artclubsotogrande.com\/index.php\/osvaldo-lobalzo-buenos-aires-2\/#primaryimage\",\"url\":\"https:\/\/artclubsotogrande.com\/wp-content\/uploads\/2024\/11\/osvaldo_feature.jpg\",\"contentUrl\":\"https:\/\/artclubsotogrande.com\/wp-content\/uploads\/2024\/11\/osvaldo_feature.jpg\",\"width\":2000,\"height\":1121},{\"@type\":\"BreadcrumbList\",\"@id\":\"https:\/\/artclubsotogrande.com\/index.php\/osvaldo-lobalzo-buenos-aires-2\/#breadcrumb\",\"itemListElement\":[{\"@type\":\"ListItem\",\"position\":1,\"name\":\"Home\",\"item\":\"https:\/\/artclubsotogrande.com\/index.php\/en\/home\/\"},{\"@type\":\"ListItem\",\"position\":2,\"name\":\"Osvaldo Lobalzo (Buenos Aires)\"}]},{\"@type\":\"WebSite\",\"@id\":\"https:\/\/artclubsotogrande.com\/#website\",\"url\":\"https:\/\/artclubsotogrande.com\/\",\"name\":\"Art Club Sotogrande\",\"description\":\"\",\"publisher\":{\"@id\":\"https:\/\/artclubsotogrande.com\/#organization\"},\"inLanguage\":\"en-US\"},{\"@type\":\"Organization\",\"@id\":\"https:\/\/artclubsotogrande.com\/#organization\",\"name\":\"Art Club Sotogrande\",\"url\":\"https:\/\/artclubsotogrande.com\/\",\"logo\":{\"@type\":\"ImageObject\",\"inLanguage\":\"en-US\",\"@id\":\"https:\/\/artclubsotogrande.com\/#\/schema\/logo\/image\/\",\"url\":\"https:\/\/artclubsotogrande.com\/wp-content\/uploads\/2024\/01\/screenshot.png\",\"contentUrl\":\"https:\/\/artclubsotogrande.com\/wp-content\/uploads\/2024\/01\/screenshot.png\",\"width\":880,\"height\":660,\"caption\":\"Art Club Sotogrande\"},\"image\":{\"@id\":\"https:\/\/artclubsotogrande.com\/#\/schema\/logo\/image\/\"}}]}<\/script>\n<!-- \/ Yoast SEO plugin. -->","yoast_head_json":{"title":"Osvaldo Lobalzo (Buenos Aires) - Art Club Sotogrande","robots":{"index":"index","follow":"follow","max-snippet":"max-snippet:-1","max-image-preview":"max-image-preview:large","max-video-preview":"max-video-preview:-1"},"canonical":"https:\/\/artclubsotogrande.com\/index.php\/osvaldo-lobalzo-buenos-aires-2\/","og_locale":"en_US","og_type":"article","og_title":"Osvaldo Lobalzo (Buenos Aires) - Art Club Sotogrande","og_description":"Artista polifac\u00e9tico con 40 a\u00f1os de trayectoria en el mundo del arte, con m\u00e1s de cuatro mil obras en Europa y Estados Unidos. Afincado en Sotogrande donde trabaja y expone sus obras. Sus trabajos se componen de diferentes colecciones entre ellas:&#8220;Materia Viva&#8221;\u00a0&#8220;M\u00e1laga A Trozos&#8221;\u00a0&#8220;Sentidos&#8221;\u00a0&#8220;Los \u00c1rboles No Mueren&#8221;\u00a0&#8220;Homenaje A Picasso&#8221;\u00a0&#8220;Nueve Lunas&#8221;\u00a0&#8220;Lo Atamos Con Alambre&#8221;\u00a0&#8220;Paradise&#8221;Etc. Cada una [&hellip;]","og_url":"https:\/\/artclubsotogrande.com\/index.php\/osvaldo-lobalzo-buenos-aires-2\/","og_site_name":"Art Club Sotogrande","article_modified_time":"2024-11-28T13:35:05+00:00","og_image":[{"width":2000,"height":1121,"url":"https:\/\/artclubsotogrande.com\/wp-content\/uploads\/2024\/11\/osvaldo_feature.jpg","type":"image\/jpeg"}],"twitter_card":"summary_large_image","twitter_misc":{"Est. reading time":"2 minutes"},"schema":{"@context":"https:\/\/schema.org","@graph":[{"@type":"WebPage","@id":"https:\/\/artclubsotogrande.com\/index.php\/osvaldo-lobalzo-buenos-aires-2\/","url":"https:\/\/artclubsotogrande.com\/index.php\/osvaldo-lobalzo-buenos-aires-2\/","name":"Osvaldo Lobalzo (Buenos Aires) - Art Club Sotogrande","isPartOf":{"@id":"https:\/\/artclubsotogrande.com\/#website"},"primaryImageOfPage":{"@id":"https:\/\/artclubsotogrande.com\/index.php\/osvaldo-lobalzo-buenos-aires-2\/#primaryimage"},"image":{"@id":"https:\/\/artclubsotogrande.com\/index.php\/osvaldo-lobalzo-buenos-aires-2\/#primaryimage"},"thumbnailUrl":"https:\/\/artclubsotogrande.com\/wp-content\/uploads\/2024\/11\/osvaldo_feature.jpg","datePublished":"2024-11-27T13:19:48+00:00","dateModified":"2024-11-28T13:35:05+00:00","breadcrumb":{"@id":"https:\/\/artclubsotogrande.com\/index.php\/osvaldo-lobalzo-buenos-aires-2\/#breadcrumb"},"inLanguage":"en-US","potentialAction":[{"@type":"ReadAction","target":["https:\/\/artclubsotogrande.com\/index.php\/osvaldo-lobalzo-buenos-aires-2\/"]}]},{"@type":"ImageObject","inLanguage":"en-US","@id":"https:\/\/artclubsotogrande.com\/index.php\/osvaldo-lobalzo-buenos-aires-2\/#primaryimage","url":"https:\/\/artclubsotogrande.com\/wp-content\/uploads\/2024\/11\/osvaldo_feature.jpg","contentUrl":"https:\/\/artclubsotogrande.com\/wp-content\/uploads\/2024\/11\/osvaldo_feature.jpg","width":2000,"height":1121},{"@type":"BreadcrumbList","@id":"https:\/\/artclubsotogrande.com\/index.php\/osvaldo-lobalzo-buenos-aires-2\/#breadcrumb","itemListElement":[{"@type":"ListItem","position":1,"name":"Home","item":"https:\/\/artclubsotogrande.com\/index.php\/en\/home\/"},{"@type":"ListItem","position":2,"name":"Osvaldo Lobalzo (Buenos Aires)"}]},{"@type":"WebSite","@id":"https:\/\/artclubsotogrande.com\/#website","url":"https:\/\/artclubsotogrande.com\/","name":"Art Club Sotogrande","description":"","publisher":{"@id":"https:\/\/artclubsotogrande.com\/#organization"},"inLanguage":"en-US"},{"@type":"Organization","@id":"https:\/\/artclubsotogrande.com\/#organization","name":"Art Club Sotogrande","url":"https:\/\/artclubsotogrande.com\/","logo":{"@type":"ImageObject","inLanguage":"en-US","@id":"https:\/\/artclubsotogrande.com\/#\/schema\/logo\/image\/","url":"https:\/\/artclubsotogrande.com\/wp-content\/uploads\/2024\/01\/screenshot.png","contentUrl":"https:\/\/artclubsotogrande.com\/wp-content\/uploads\/2024\/01\/screenshot.png","width":880,"height":660,"caption":"Art Club Sotogrande"},"image":{"@id":"https:\/\/artclubsotogrande.com\/#\/schema\/logo\/image\/"}}]}},"_links":{"self":[{"href":"https:\/\/artclubsotogrande.com\/index.php\/wp-json\/wp\/v2\/pages\/194","targetHints":{"allow":["GET"]}}],"collection":[{"href":"https:\/\/artclubsotogrande.com\/index.php\/wp-json\/wp\/v2\/pages"}],"about":[{"href":"https:\/\/artclubsotogrande.com\/index.php\/wp-json\/wp\/v2\/types\/page"}],"author":[{"embeddable":true,"href":"https:\/\/artclubsotogrande.com\/index.php\/wp-json\/wp\/v2\/users\/1"}],"replies":[{"embeddable":true,"href":"https:\/\/artclubsotogrande.com\/index.php\/wp-json\/wp\/v2\/comments?post=194"}],"version-history":[{"count":11,"href":"https:\/\/artclubsotogrande.com\/index.php\/wp-json\/wp\/v2\/pages\/194\/revisions"}],"predecessor-version":[{"id":268,"href":"https:\/\/artclubsotogrande.com\/index.php\/wp-json\/wp\/v2\/pages\/194\/revisions\/268"}],"wp:featuredmedia":[{"embeddable":true,"href":"https:\/\/artclubsotogrande.com\/index.php\/wp-json\/wp\/v2\/media\/169"}],"wp:attachment":[{"href":"https:\/\/artclubsotogrande.com\/index.php\/wp-json\/wp\/v2\/media?parent=194"}],"curies":[{"name":"wp","href":"https:\/\/api.w.org\/{rel}","templated":true}]}}